{"id":1010,"date":"2022-06-20T18:09:11","date_gmt":"2022-06-20T16:09:11","guid":{"rendered":"https:\/\/ritualsweet.com\/?page_id=1010"},"modified":"2025-03-07T21:25:30","modified_gmt":"2025-03-07T20:25:30","slug":"miradas-de-ensueno","status":"publish","type":"page","link":"https:\/\/ritualsweet.com\/index.php\/miradas-de-ensueno\/","title":{"rendered":"MIRADAS DE ENSUE\u00d1O"},"content":{"rendered":"\t\t<div data-elementor-type=\"wp-page\" data-elementor-id=\"1010\" class=\"elementor elementor-1010\">\n\t\t\t\t\t\t<section class=\"elementor-section elementor-top-section elementor-element elementor-element-2ba3b4b elementor-section-height-min-height elementor-section-boxed elementor-section-height-default elementor-section-items-middle\" data-id=\"2ba3b4b\" data-element_type=\"section\" data-e-type=\"section\" data-settings=\"{&quot;shape_divider_bottom&quot;:&quot;mountains&quot;}\">\n\t\t\t\t\t\t\t<div class=\"elementor-background-overlay\"><\/div>\n\t\t\t\t\t\t<div class=\"elementor-shape elementor-shape-bottom\" aria-hidden=\"true\" data-negative=\"false\">\n\t\t\t<svg xmlns=\"http:\/\/www.w3.org\/2000\/svg\" viewBox=\"0 0 1000 100\" preserveAspectRatio=\"none\">\n\t<path class=\"elementor-shape-fill\" opacity=\"0.33\" d=\"M473,67.3c-203.9,88.3-263.1-34-320.3,0C66,119.1,0,59.7,0,59.7V0h1000v59.7 c0,0-62.1,26.1-94.9,29.3c-32.8,3.3-62.8-12.3-75.8-22.1C806,49.6,745.3,8.7,694.9,4.7S492.4,59,473,67.3z\"\/>\n\t<path class=\"elementor-shape-fill\" opacity=\"0.66\" d=\"M734,67.3c-45.5,0-77.2-23.2-129.1-39.1c-28.6-8.7-150.3-10.1-254,39.1 s-91.7-34.4-149.2,0C115.7,118.3,0,39.8,0,39.8V0h1000v36.5c0,0-28.2-18.5-92.1-18.5C810.2,18.1,775.7,67.3,734,67.3z\"\/>\n\t<path class=\"elementor-shape-fill\" d=\"M766.1,28.9c-200-57.5-266,65.5-395.1,19.5C242,1.8,242,5.4,184.8,20.6C128,35.8,132.3,44.9,89.9,52.5C28.6,63.7,0,0,0,0 h1000c0,0-9.9,40.9-83.6,48.1S829.6,47,766.1,28.9z\"\/>\n<\/svg>\t\t<\/div>\n\t\t\t\t\t<div class=\"elementor-container elementor-column-gap-default\">\n\t\t\t\t\t<div class=\"elementor-column elementor-col-100 elementor-top-column elementor-element elementor-element-465a25b\" data-id=\"465a25b\" data-element_type=\"column\" data-e-type=\"column\">\n\t\t\t<div class=\"elementor-widget-wrap\">\n\t\t\t\t\t\t\t<\/div>\n\t\t<\/div>\n\t\t\t\t\t<\/div>\n\t\t<\/section>\n\t\t\t\t<section class=\"elementor-section elementor-top-section elementor-element elementor-element-eecfa5a elementor-section-boxed elementor-section-height-default elementor-section-height-default\" data-id=\"eecfa5a\" data-element_type=\"section\" data-e-type=\"section\" data-settings=\"{&quot;background_background&quot;:&quot;gradient&quot;}\">\n\t\t\t\t\t\t<div class=\"elementor-container elementor-column-gap-wider\">\n\t\t\t\t\t<div class=\"elementor-column elementor-col-100 elementor-top-column elementor-element elementor-element-4d049a7\" data-id=\"4d049a7\" data-element_type=\"column\" data-e-type=\"column\">\n\t\t\t<div class=\"elementor-widget-wrap elementor-element-populated\">\n\t\t\t\t\t\t<div class=\"elementor-element elementor-element-686353d elementor-widget elementor-widget-spacer\" data-id=\"686353d\" data-element_type=\"widget\" data-e-type=\"widget\" data-widget_type=\"spacer.default\">\n\t\t\t\t<div class=\"elementor-widget-container\">\n\t\t\t\t\t\t\t<div class=\"elementor-spacer\">\n\t\t\t<div class=\"elementor-spacer-inner\"><\/div>\n\t\t<\/div>\n\t\t\t\t\t\t<\/div>\n\t\t\t\t<\/div>\n\t\t\t\t<div class=\"elementor-element elementor-element-f117caa elementor-widget elementor-widget-heading\" data-id=\"f117caa\" data-element_type=\"widget\" data-e-type=\"widget\" data-widget_type=\"heading.default\">\n\t\t\t\t<div class=\"elementor-widget-container\">\n\t\t\t\t\t<h2 class=\"elementor-heading-title elementor-size-default\">MIRADAS DE ENSUE\u00d1O<\/h2>\t\t\t\t<\/div>\n\t\t\t\t<\/div>\n\t\t\t\t<div class=\"elementor-element elementor-element-a8d98f4 elementor-widget elementor-widget-text-editor\" data-id=\"a8d98f4\" data-element_type=\"widget\" data-e-type=\"widget\" data-widget_type=\"text-editor.default\">\n\t\t\t\t<div class=\"elementor-widget-container\">\n\t\t\t\t\t\t\t\t\t<p>Lucir una mirada bonita es uno de los problemas que m\u00e1s nos preocupa. Con estas innovadoras t\u00e9cnicas es muy f\u00e1cil conseguir los objetivos que te propones en tan solo una sesion tu mirada lucir\u00e1 como nunca antes.<\/p>\t\t\t\t\t\t\t\t<\/div>\n\t\t\t\t<\/div>\n\t\t\t\t\t<\/div>\n\t\t<\/div>\n\t\t\t\t\t<\/div>\n\t\t<\/section>\n\t\t\t\t<section class=\"elementor-section elementor-top-section elementor-element elementor-element-910bb5a elementor-section-boxed elementor-section-height-default elementor-section-height-default\" data-id=\"910bb5a\" data-element_type=\"section\" data-e-type=\"section\" data-settings=\"{&quot;background_background&quot;:&quot;gradient&quot;}\">\n\t\t\t\t\t\t\t<div class=\"elementor-background-overlay\"><\/div>\n\t\t\t\t\t\t\t<div class=\"elementor-container elementor-column-gap-wider\">\n\t\t\t\t\t<div class=\"elementor-column elementor-col-50 elementor-top-column elementor-element elementor-element-2a64502\" data-id=\"2a64502\" data-element_type=\"column\" data-e-type=\"column\">\n\t\t\t<div class=\"elementor-widget-wrap elementor-element-populated\">\n\t\t\t\t\t\t<div class=\"elementor-element elementor-element-f8520ad elementor-position-top elementor-widget elementor-widget-image-box\" data-id=\"f8520ad\" data-element_type=\"widget\" data-e-type=\"widget\" data-widget_type=\"image-box.default\">\n\t\t\t\t<div class=\"elementor-widget-container\">\n\t\t\t\t\t<div class=\"elementor-image-box-wrapper\"><figure class=\"elementor-image-box-img\"><img fetchpriority=\"high\" decoding=\"async\" width=\"2560\" height=\"1707\" src=\"https:\/\/ritualsweet.com\/wp-content\/uploads\/2024\/03\/pexels-julissa-helmuth-3581556-scaled.jpg\" class=\"attachment-full size-full wp-image-3522\" alt=\"\" srcset=\"https:\/\/ritualsweet.com\/wp-content\/uploads\/2024\/03\/pexels-julissa-helmuth-3581556-scaled.jpg 2560w, https:\/\/ritualsweet.com\/wp-content\/uploads\/2024\/03\/pexels-julissa-helmuth-3581556-300x200.jpg 300w, https:\/\/ritualsweet.com\/wp-content\/uploads\/2024\/03\/pexels-julissa-helmuth-3581556-1024x683.jpg 1024w, https:\/\/ritualsweet.com\/wp-content\/uploads\/2024\/03\/pexels-julissa-helmuth-3581556-768x512.jpg 768w, https:\/\/ritualsweet.com\/wp-content\/uploads\/2024\/03\/pexels-julissa-helmuth-3581556-1536x1024.jpg 1536w, https:\/\/ritualsweet.com\/wp-content\/uploads\/2024\/03\/pexels-julissa-helmuth-3581556-2048x1365.jpg 2048w\" sizes=\"(max-width: 2560px) 100vw, 2560px\" \/><\/figure><div class=\"elementor-image-box-content\"><h3 class=\"elementor-image-box-title\">LIFTING Y TINTE DE PESTA\u00d1AS<\/h3><p class=\"elementor-image-box-description\">Eleva la curvatura de tus pesta\u00f1as, resaltando la expresi\u00f3n de la mirada y alargandolas desde la ra\u00edz. Adem\u00e1s aplicaremos un tinte para da una mirada m\u00e1s intensa y aportar m\u00e1s volumen.<\/p><\/div><\/div>\t\t\t\t<\/div>\n\t\t\t\t<\/div>\n\t\t\t\t<div class=\"elementor-element elementor-element-819f1c8 elementor-widget elementor-widget-heading\" data-id=\"819f1c8\" data-element_type=\"widget\" data-e-type=\"widget\" data-widget_type=\"heading.default\">\n\t\t\t\t<div class=\"elementor-widget-container\">\n\t\t\t\t\t<h3 class=\"elementor-heading-title elementor-size-default\">Lifting pesta\u00f1as: 33\u20ac<\/h3>\t\t\t\t<\/div>\n\t\t\t\t<\/div>\n\t\t\t\t<div class=\"elementor-element elementor-element-72c6140 elementor-widget elementor-widget-heading\" data-id=\"72c6140\" data-element_type=\"widget\" data-e-type=\"widget\" data-widget_type=\"heading.default\">\n\t\t\t\t<div class=\"elementor-widget-container\">\n\t\t\t\t\t<h3 class=\"elementor-heading-title elementor-size-default\">Tinte de pesta\u00f1as: 11\u20ac<\/h3>\t\t\t\t<\/div>\n\t\t\t\t<\/div>\n\t\t\t\t<div class=\"elementor-element elementor-element-1fa22c7 elementor-widget elementor-widget-heading\" data-id=\"1fa22c7\" data-element_type=\"widget\" data-e-type=\"widget\" data-widget_type=\"heading.default\">\n\t\t\t\t<div class=\"elementor-widget-container\">\n\t\t\t\t\t<h3 class=\"elementor-heading-title elementor-size-default\">Lifting &amp; tinte: 40\u20ac<\/h3>\t\t\t\t<\/div>\n\t\t\t\t<\/div>\n\t\t\t\t\t<\/div>\n\t\t<\/div>\n\t\t\t\t<div class=\"elementor-column elementor-col-50 elementor-top-column elementor-element elementor-element-3e64670\" data-id=\"3e64670\" data-element_type=\"column\" data-e-type=\"column\">\n\t\t\t<div class=\"elementor-widget-wrap elementor-element-populated\">\n\t\t\t\t\t\t<div class=\"elementor-element elementor-element-1e23a6f elementor-position-top elementor-widget elementor-widget-image-box\" data-id=\"1e23a6f\" data-element_type=\"widget\" data-e-type=\"widget\" data-widget_type=\"image-box.default\">\n\t\t\t\t<div class=\"elementor-widget-container\">\n\t\t\t\t\t<div class=\"elementor-image-box-wrapper\"><figure class=\"elementor-image-box-img\"><img decoding=\"async\" width=\"2560\" height=\"1707\" src=\"https:\/\/ritualsweet.com\/wp-content\/uploads\/2022\/06\/AdobeStock_213400993-scaled.jpeg\" class=\"attachment-full size-full wp-image-1504\" alt=\"laminado y tinte de cejas\" srcset=\"https:\/\/ritualsweet.com\/wp-content\/uploads\/2022\/06\/AdobeStock_213400993-scaled.jpeg 2560w, https:\/\/ritualsweet.com\/wp-content\/uploads\/2022\/06\/AdobeStock_213400993-300x200.jpeg 300w, https:\/\/ritualsweet.com\/wp-content\/uploads\/2022\/06\/AdobeStock_213400993-1024x683.jpeg 1024w, https:\/\/ritualsweet.com\/wp-content\/uploads\/2022\/06\/AdobeStock_213400993-768x512.jpeg 768w, https:\/\/ritualsweet.com\/wp-content\/uploads\/2022\/06\/AdobeStock_213400993-1536x1024.jpeg 1536w, https:\/\/ritualsweet.com\/wp-content\/uploads\/2022\/06\/AdobeStock_213400993-2048x1365.jpeg 2048w\" sizes=\"(max-width: 2560px) 100vw, 2560px\" \/><\/figure><div class=\"elementor-image-box-content\"><h3 class=\"elementor-image-box-title\">DISE\u00d1O, LAMINADO Y TINTE DE CEJAS<\/h3><p class=\"elementor-image-box-description\">Te realizamos el dise\u00f1o ideal adaptado a tu rostro en el cual conseguiremos un efecto de cejas naturales base de una depilaci\u00f3n y un tinte que dar\u00e1 espesor a tu ceja.<\/p><\/div><\/div>\t\t\t\t<\/div>\n\t\t\t\t<\/div>\n\t\t\t\t<div class=\"elementor-element elementor-element-b4a0a38 elementor-widget elementor-widget-heading\" data-id=\"b4a0a38\" data-element_type=\"widget\" data-e-type=\"widget\" data-widget_type=\"heading.default\">\n\t\t\t\t<div class=\"elementor-widget-container\">\n\t\t\t\t\t<h3 class=\"elementor-heading-title elementor-size-default\">Dise\u00f1o de cejas: 16,50\u20ac<\/h3>\t\t\t\t<\/div>\n\t\t\t\t<\/div>\n\t\t\t\t<div class=\"elementor-element elementor-element-574e380 elementor-widget elementor-widget-heading\" data-id=\"574e380\" data-element_type=\"widget\" data-e-type=\"widget\" data-widget_type=\"heading.default\">\n\t\t\t\t<div class=\"elementor-widget-container\">\n\t\t\t\t\t<h3 class=\"elementor-heading-title elementor-size-default\">Laminado de cejas: 22\u20ac<\/h3>\t\t\t\t<\/div>\n\t\t\t\t<\/div>\n\t\t\t\t<div class=\"elementor-element elementor-element-268be59 elementor-widget elementor-widget-heading\" data-id=\"268be59\" data-element_type=\"widget\" data-e-type=\"widget\" data-widget_type=\"heading.default\">\n\t\t\t\t<div class=\"elementor-widget-container\">\n\t\t\t\t\t<h3 class=\"elementor-heading-title elementor-size-default\">Tinte de cejas: 11\u20ac<\/h3>\t\t\t\t<\/div>\n\t\t\t\t<\/div>\n\t\t\t\t<div class=\"elementor-element elementor-element-0e636cd elementor-widget elementor-widget-heading\" data-id=\"0e636cd\" data-element_type=\"widget\" data-e-type=\"widget\" data-widget_type=\"heading.default\">\n\t\t\t\t<div class=\"elementor-widget-container\">\n\t\t\t\t\t<h3 class=\"elementor-heading-title elementor-size-default\">Combo laminado: 45\u20ac<\/h3>\t\t\t\t<\/div>\n\t\t\t\t<\/div>\n\t\t\t\t\t<\/div>\n\t\t<\/div>\n\t\t\t\t\t<\/div>\n\t\t<\/section>\n\t\t\t\t<\/div>\n\t\t","protected":false},"excerpt":{"rendered":"<p>MIRADAS DE ENSUE\u00d1O Lucir una mirada bonita es uno de los problemas que m\u00e1s nos preocupa. Con estas innovadoras t\u00e9cnicas es muy f\u00e1cil conseguir los objetivos que te propones en tan solo una sesion tu mirada lucir\u00e1 como nunca antes. LIFTING Y TINTE DE PESTA\u00d1AS Eleva la curvatura de tus pesta\u00f1as, resaltando la expresi\u00f3n de [&hellip;]<\/p>\n","protected":false},"author":1,"featured_media":1203,"parent":0,"menu_order":0,"comment_status":"closed","ping_status":"closed","template":"","meta":{"site-sidebar-layout":"no-sidebar","site-content-layout":"page-builder","ast-site-content-layout":"default","site-content-style":"default","site-sidebar-style":"default","ast-global-header-display":"","ast-banner-title-visibility":"","ast-main-header-display":"","ast-hfb-above-header-display":"","ast-hfb-below-header-display":"","ast-hfb-mobile-header-display":"","site-post-title":"disabled","ast-breadcrumbs-content":"","ast-featured-img":"disabled","footer-sml-layout":"","ast-disable-related-posts":"","theme-transparent-header-meta":"","adv-header-id-meta":"","stick-header-meta":"","header-above-stick-meta":"","header-main-stick-meta":"","header-below-stick-meta":"","astra-migrate-meta-layouts":"default","ast-page-background-enabled":"default","ast-page-background-meta":{"desktop":{"background-color":"","background-image":"","background-repeat":"repeat","background-position":"center center","background-size":"auto","background-attachment":"scroll","background-type":"","background-media":"","overlay-type":"","overlay-color":"","overlay-opacity":"","overlay-gradient":""},"tablet":{"background-color":"","background-image":"","background-repeat":"repeat","background-position":"center center","background-size":"auto","background-attachment":"scroll","background-type":"","background-media":"","overlay-type":"","overlay-color":"","overlay-opacity":"","overlay-gradient":""},"mobile":{"background-color":"","background-image":"","background-repeat":"repeat","background-position":"center center","background-size":"auto","background-attachment":"scroll","background-type":"","background-media":"","overlay-type":"","overlay-color":"","overlay-opacity":"","overlay-gradient":""}},"ast-content-background-meta":{"desktop":{"background-color":"var(--ast-global-color-5)","background-image":"","background-repeat":"repeat","background-position":"center center","background-size":"auto","background-attachment":"scroll","background-type":"","background-media":"","overlay-type":"","overlay-color":"","overlay-opacity":"","overlay-gradient":""},"tablet":{"background-color":"var(--ast-global-color-5)","background-image":"","background-repeat":"repeat","background-position":"center center","background-size":"auto","background-attachment":"scroll","background-type":"","background-media":"","overlay-type":"","overlay-color":"","overlay-opacity":"","overlay-gradient":""},"mobile":{"background-color":"var(--ast-global-color-5)","background-image":"","background-repeat":"repeat","background-position":"center center","background-size":"auto","background-attachment":"scroll","background-type":"","background-media":"","overlay-type":"","overlay-color":"","overlay-opacity":"","overlay-gradient":""}},"footnotes":""},"class_list":["post-1010","page","type-page","status-publish","has-post-thumbnail","hentry"],"yoast_head":"<!-- This site is optimized with the Yoast SEO plugin v27.5 - https:\/\/yoast.com\/product\/yoast-seo-wordpress\/ -->\n<title>MIRADAS DE ENSUE\u00d1O - Ritual Sweet<\/title>\n<meta name=\"description\" content=\"Lucir una mirada bonita es uno de los problemas que m\u00e1s preocupa. Con esta innovadora t\u00e9cnica en solo una sesion tu mirada lucir\u00e1 como nunca.\" \/>\n<meta name=\"robots\" content=\"index, follow, max-snippet:-1, max-image-preview:large, max-video-preview:-1\" \/>\n<link rel=\"canonical\" href=\"https:\/\/ritualsweet.com\/index.php\/miradas-de-ensueno\/\" \/>\n<meta property=\"og:locale\" content=\"es_ES\" \/>\n<meta property=\"og:type\" content=\"article\" \/>\n<meta property=\"og:title\" content=\"MIRADAS DE ENSUE\u00d1O - Ritual Sweet\" \/>\n<meta property=\"og:description\" content=\"Lucir una mirada bonita es uno de los problemas que m\u00e1s preocupa. Con esta innovadora t\u00e9cnica en solo una sesion tu mirada lucir\u00e1 como nunca.\" \/>\n<meta property=\"og:url\" content=\"https:\/\/ritualsweet.com\/index.php\/miradas-de-ensueno\/\" \/>\n<meta property=\"og:site_name\" content=\"Ritual Sweet\" \/>\n<meta property=\"article:modified_time\" content=\"2025-03-07T20:25:30+00:00\" \/>\n<meta property=\"og:image\" content=\"https:\/\/ritualsweet.com\/wp-content\/uploads\/2022\/06\/AdobeStock_122124375-scaled.jpeg\" \/>\n\t<meta property=\"og:image:width\" content=\"2560\" \/>\n\t<meta property=\"og:image:height\" content=\"1706\" \/>\n\t<meta property=\"og:image:type\" content=\"image\/jpeg\" \/>\n<meta name=\"twitter:card\" content=\"summary_large_image\" \/>\n<meta name=\"twitter:label1\" content=\"Tiempo de lectura\" \/>\n\t<meta name=\"twitter:data1\" content=\"2 minutos\" \/>\n<script type=\"application\/ld+json\" class=\"yoast-schema-graph\">{\"@context\":\"https:\\\/\\\/schema.org\",\"@graph\":[{\"@type\":\"WebPage\",\"@id\":\"https:\\\/\\\/ritualsweet.com\\\/index.php\\\/miradas-de-ensueno\\\/\",\"url\":\"https:\\\/\\\/ritualsweet.com\\\/index.php\\\/miradas-de-ensueno\\\/\",\"name\":\"MIRADAS DE ENSUE\u00d1O - Ritual Sweet\",\"isPartOf\":{\"@id\":\"https:\\\/\\\/ritualsweet.com\\\/#website\"},\"primaryImageOfPage\":{\"@id\":\"https:\\\/\\\/ritualsweet.com\\\/index.php\\\/miradas-de-ensueno\\\/#primaryimage\"},\"image\":{\"@id\":\"https:\\\/\\\/ritualsweet.com\\\/index.php\\\/miradas-de-ensueno\\\/#primaryimage\"},\"thumbnailUrl\":\"https:\\\/\\\/ritualsweet.com\\\/wp-content\\\/uploads\\\/2022\\\/06\\\/AdobeStock_122124375-scaled.jpeg\",\"datePublished\":\"2022-06-20T16:09:11+00:00\",\"dateModified\":\"2025-03-07T20:25:30+00:00\",\"description\":\"Lucir una mirada bonita es uno de los problemas que m\u00e1s preocupa. Con esta innovadora t\u00e9cnica en solo una sesion tu mirada lucir\u00e1 como nunca.\",\"breadcrumb\":{\"@id\":\"https:\\\/\\\/ritualsweet.com\\\/index.php\\\/miradas-de-ensueno\\\/#breadcrumb\"},\"inLanguage\":\"es\",\"potentialAction\":[{\"@type\":\"ReadAction\",\"target\":[\"https:\\\/\\\/ritualsweet.com\\\/index.php\\\/miradas-de-ensueno\\\/\"]}]},{\"@type\":\"ImageObject\",\"inLanguage\":\"es\",\"@id\":\"https:\\\/\\\/ritualsweet.com\\\/index.php\\\/miradas-de-ensueno\\\/#primaryimage\",\"url\":\"https:\\\/\\\/ritualsweet.com\\\/wp-content\\\/uploads\\\/2022\\\/06\\\/AdobeStock_122124375-scaled.jpeg\",\"contentUrl\":\"https:\\\/\\\/ritualsweet.com\\\/wp-content\\\/uploads\\\/2022\\\/06\\\/AdobeStock_122124375-scaled.jpeg\",\"width\":2560,\"height\":1706,\"caption\":\"Imagen maquillaje de ojos\"},{\"@type\":\"BreadcrumbList\",\"@id\":\"https:\\\/\\\/ritualsweet.com\\\/index.php\\\/miradas-de-ensueno\\\/#breadcrumb\",\"itemListElement\":[{\"@type\":\"ListItem\",\"position\":1,\"name\":\"Portada\",\"item\":\"https:\\\/\\\/ritualsweet.com\\\/\"},{\"@type\":\"ListItem\",\"position\":2,\"name\":\"MIRADAS DE ENSUE\u00d1O\"}]},{\"@type\":\"WebSite\",\"@id\":\"https:\\\/\\\/ritualsweet.com\\\/#website\",\"url\":\"https:\\\/\\\/ritualsweet.com\\\/\",\"name\":\"Ritual Sweet\",\"description\":\"Natural  Beauty\",\"publisher\":{\"@id\":\"https:\\\/\\\/ritualsweet.com\\\/#organization\"},\"potentialAction\":[{\"@type\":\"SearchAction\",\"target\":{\"@type\":\"EntryPoint\",\"urlTemplate\":\"https:\\\/\\\/ritualsweet.com\\\/?s={search_term_string}\"},\"query-input\":{\"@type\":\"PropertyValueSpecification\",\"valueRequired\":true,\"valueName\":\"search_term_string\"}}],\"inLanguage\":\"es\"},{\"@type\":\"Organization\",\"@id\":\"https:\\\/\\\/ritualsweet.com\\\/#organization\",\"name\":\"Ritual Sweet\",\"url\":\"https:\\\/\\\/ritualsweet.com\\\/\",\"logo\":{\"@type\":\"ImageObject\",\"inLanguage\":\"es\",\"@id\":\"https:\\\/\\\/ritualsweet.com\\\/#\\\/schema\\\/logo\\\/image\\\/\",\"url\":\"https:\\\/\\\/ritualsweet.com\\\/wp-content\\\/uploads\\\/2022\\\/06\\\/IMG_B332EAD2D378-1.jpeg\",\"contentUrl\":\"https:\\\/\\\/ritualsweet.com\\\/wp-content\\\/uploads\\\/2022\\\/06\\\/IMG_B332EAD2D378-1.jpeg\",\"width\":1242,\"height\":1217,\"caption\":\"Ritual Sweet\"},\"image\":{\"@id\":\"https:\\\/\\\/ritualsweet.com\\\/#\\\/schema\\\/logo\\\/image\\\/\"}}]}<\/script>\n<!-- \/ Yoast SEO plugin. -->","yoast_head_json":{"title":"MIRADAS DE ENSUE\u00d1O - Ritual Sweet","description":"Lucir una mirada bonita es uno de los problemas que m\u00e1s preocupa. Con esta innovadora t\u00e9cnica en solo una sesion tu mirada lucir\u00e1 como nunca.","robots":{"index":"index","follow":"follow","max-snippet":"max-snippet:-1","max-image-preview":"max-image-preview:large","max-video-preview":"max-video-preview:-1"},"canonical":"https:\/\/ritualsweet.com\/index.php\/miradas-de-ensueno\/","og_locale":"es_ES","og_type":"article","og_title":"MIRADAS DE ENSUE\u00d1O - Ritual Sweet","og_description":"Lucir una mirada bonita es uno de los problemas que m\u00e1s preocupa. Con esta innovadora t\u00e9cnica en solo una sesion tu mirada lucir\u00e1 como nunca.","og_url":"https:\/\/ritualsweet.com\/index.php\/miradas-de-ensueno\/","og_site_name":"Ritual Sweet","article_modified_time":"2025-03-07T20:25:30+00:00","og_image":[{"width":2560,"height":1706,"url":"https:\/\/ritualsweet.com\/wp-content\/uploads\/2022\/06\/AdobeStock_122124375-scaled.jpeg","type":"image\/jpeg"}],"twitter_card":"summary_large_image","twitter_misc":{"Tiempo de lectura":"2 minutos"},"schema":{"@context":"https:\/\/schema.org","@graph":[{"@type":"WebPage","@id":"https:\/\/ritualsweet.com\/index.php\/miradas-de-ensueno\/","url":"https:\/\/ritualsweet.com\/index.php\/miradas-de-ensueno\/","name":"MIRADAS DE ENSUE\u00d1O - Ritual Sweet","isPartOf":{"@id":"https:\/\/ritualsweet.com\/#website"},"primaryImageOfPage":{"@id":"https:\/\/ritualsweet.com\/index.php\/miradas-de-ensueno\/#primaryimage"},"image":{"@id":"https:\/\/ritualsweet.com\/index.php\/miradas-de-ensueno\/#primaryimage"},"thumbnailUrl":"https:\/\/ritualsweet.com\/wp-content\/uploads\/2022\/06\/AdobeStock_122124375-scaled.jpeg","datePublished":"2022-06-20T16:09:11+00:00","dateModified":"2025-03-07T20:25:30+00:00","description":"Lucir una mirada bonita es uno de los problemas que m\u00e1s preocupa. Con esta innovadora t\u00e9cnica en solo una sesion tu mirada lucir\u00e1 como nunca.","breadcrumb":{"@id":"https:\/\/ritualsweet.com\/index.php\/miradas-de-ensueno\/#breadcrumb"},"inLanguage":"es","potentialAction":[{"@type":"ReadAction","target":["https:\/\/ritualsweet.com\/index.php\/miradas-de-ensueno\/"]}]},{"@type":"ImageObject","inLanguage":"es","@id":"https:\/\/ritualsweet.com\/index.php\/miradas-de-ensueno\/#primaryimage","url":"https:\/\/ritualsweet.com\/wp-content\/uploads\/2022\/06\/AdobeStock_122124375-scaled.jpeg","contentUrl":"https:\/\/ritualsweet.com\/wp-content\/uploads\/2022\/06\/AdobeStock_122124375-scaled.jpeg","width":2560,"height":1706,"caption":"Imagen maquillaje de ojos"},{"@type":"BreadcrumbList","@id":"https:\/\/ritualsweet.com\/index.php\/miradas-de-ensueno\/#breadcrumb","itemListElement":[{"@type":"ListItem","position":1,"name":"Portada","item":"https:\/\/ritualsweet.com\/"},{"@type":"ListItem","position":2,"name":"MIRADAS DE ENSUE\u00d1O"}]},{"@type":"WebSite","@id":"https:\/\/ritualsweet.com\/#website","url":"https:\/\/ritualsweet.com\/","name":"Ritual Sweet","description":"Natural  Beauty","publisher":{"@id":"https:\/\/ritualsweet.com\/#organization"},"potentialAction":[{"@type":"SearchAction","target":{"@type":"EntryPoint","urlTemplate":"https:\/\/ritualsweet.com\/?s={search_term_string}"},"query-input":{"@type":"PropertyValueSpecification","valueRequired":true,"valueName":"search_term_string"}}],"inLanguage":"es"},{"@type":"Organization","@id":"https:\/\/ritualsweet.com\/#organization","name":"Ritual Sweet","url":"https:\/\/ritualsweet.com\/","logo":{"@type":"ImageObject","inLanguage":"es","@id":"https:\/\/ritualsweet.com\/#\/schema\/logo\/image\/","url":"https:\/\/ritualsweet.com\/wp-content\/uploads\/2022\/06\/IMG_B332EAD2D378-1.jpeg","contentUrl":"https:\/\/ritualsweet.com\/wp-content\/uploads\/2022\/06\/IMG_B332EAD2D378-1.jpeg","width":1242,"height":1217,"caption":"Ritual Sweet"},"image":{"@id":"https:\/\/ritualsweet.com\/#\/schema\/logo\/image\/"}}]}},"_links":{"self":[{"href":"https:\/\/ritualsweet.com\/index.php\/wp-json\/wp\/v2\/pages\/1010","targetHints":{"allow":["GET"]}}],"collection":[{"href":"https:\/\/ritualsweet.com\/index.php\/wp-json\/wp\/v2\/pages"}],"about":[{"href":"https:\/\/ritualsweet.com\/index.php\/wp-json\/wp\/v2\/types\/page"}],"author":[{"embeddable":true,"href":"https:\/\/ritualsweet.com\/index.php\/wp-json\/wp\/v2\/users\/1"}],"replies":[{"embeddable":true,"href":"https:\/\/ritualsweet.com\/index.php\/wp-json\/wp\/v2\/comments?post=1010"}],"version-history":[{"count":81,"href":"https:\/\/ritualsweet.com\/index.php\/wp-json\/wp\/v2\/pages\/1010\/revisions"}],"predecessor-version":[{"id":3873,"href":"https:\/\/ritualsweet.com\/index.php\/wp-json\/wp\/v2\/pages\/1010\/revisions\/3873"}],"wp:featuredmedia":[{"embeddable":true,"href":"https:\/\/ritualsweet.com\/index.php\/wp-json\/wp\/v2\/media\/1203"}],"wp:attachment":[{"href":"https:\/\/ritualsweet.com\/index.php\/wp-json\/wp\/v2\/media?parent=1010"}],"curies":[{"name":"wp","href":"https:\/\/api.w.org\/{rel}","templated":true}]}}