{"id":2778,"date":"2023-01-19T21:40:17","date_gmt":"2023-01-19T20:40:17","guid":{"rendered":"https:\/\/ritualsweet.com\/?page_id=2778"},"modified":"2023-01-19T22:39:27","modified_gmt":"2023-01-19T21:39:27","slug":"belleza","status":"publish","type":"page","link":"https:\/\/ritualsweet.com\/index.php\/belleza\/","title":{"rendered":"BELLEZA"},"content":{"rendered":"\t\t<div data-elementor-type=\"wp-page\" data-elementor-id=\"2778\" class=\"elementor elementor-2778\">\n\t\t\t\t\t\t<section class=\"elementor-section elementor-top-section elementor-element elementor-element-ce882eb elementor-section-boxed elementor-section-height-default elementor-section-height-default\" data-id=\"ce882eb\" data-element_type=\"section\" data-e-type=\"section\">\n\t\t\t\t\t\t<div class=\"elementor-container elementor-column-gap-default\">\n\t\t\t\t\t<div class=\"elementor-column elementor-col-33 elementor-top-column elementor-element elementor-element-eb40b85\" data-id=\"eb40b85\" data-element_type=\"column\" data-e-type=\"column\">\n\t\t\t<div class=\"elementor-widget-wrap elementor-element-populated\">\n\t\t\t\t\t\t<div class=\"elementor-element elementor-element-8124fd5 elementor-position-top elementor-widget elementor-widget-image-box\" data-id=\"8124fd5\" data-element_type=\"widget\" data-e-type=\"widget\" data-widget_type=\"image-box.default\">\n\t\t\t\t<div class=\"elementor-widget-container\">\n\t\t\t\t\t<div class=\"elementor-image-box-wrapper\"><figure class=\"elementor-image-box-img\"><img fetchpriority=\"high\" decoding=\"async\" width=\"375\" height=\"666\" src=\"https:\/\/ritualsweet.com\/wp-content\/uploads\/2022\/06\/c043db9b-dfaf-4ef7-9eb8-99780947e8e7-removebg-preview.png\" class=\"attachment-full size-full wp-image-883\" alt=\"\" srcset=\"https:\/\/ritualsweet.com\/wp-content\/uploads\/2022\/06\/c043db9b-dfaf-4ef7-9eb8-99780947e8e7-removebg-preview.png 375w, https:\/\/ritualsweet.com\/wp-content\/uploads\/2022\/06\/c043db9b-dfaf-4ef7-9eb8-99780947e8e7-removebg-preview-169x300.png 169w\" sizes=\"(max-width: 375px) 100vw, 375px\" \/><\/figure><div class=\"elementor-image-box-content\"><h3 class=\"elementor-image-box-title\">BELLEZA DE MANOS Y PIES<\/h3><p class=\"elementor-image-box-description\">Ritual de higiene, limado, esmaltado, exfoliaci\u00f3n y envoltura reparadora.<\/p><\/div><\/div>\t\t\t\t<\/div>\n\t\t\t\t<\/div>\n\t\t\t\t<div class=\"elementor-element elementor-element-c106520 elementor-align-center elementor-widget elementor-widget-button\" data-id=\"c106520\" data-element_type=\"widget\" data-e-type=\"widget\" data-widget_type=\"button.default\">\n\t\t\t\t<div class=\"elementor-widget-container\">\n\t\t\t\t\t\t\t\t\t<div class=\"elementor-button-wrapper\">\n\t\t\t\t\t<a class=\"elementor-button elementor-button-link elementor-size-sm\" href=\"https:\/\/ritualsweet.com\/index.php\/belleza-de-manos-y-pies\/\">\n\t\t\t\t\t\t<span class=\"elementor-button-content-wrapper\">\n\t\t\t\t\t\t\t\t\t<span class=\"elementor-button-text\">Ver todos<\/span>\n\t\t\t\t\t<\/span>\n\t\t\t\t\t<\/a>\n\t\t\t\t<\/div>\n\t\t\t\t\t\t\t\t<\/div>\n\t\t\t\t<\/div>\n\t\t\t\t\t<\/div>\n\t\t<\/div>\n\t\t\t\t<div class=\"elementor-column elementor-col-33 elementor-top-column elementor-element elementor-element-50ef4cc\" data-id=\"50ef4cc\" data-element_type=\"column\" data-e-type=\"column\">\n\t\t\t<div class=\"elementor-widget-wrap elementor-element-populated\">\n\t\t\t\t\t\t<div class=\"elementor-element elementor-element-d526080 elementor-position-top elementor-widget elementor-widget-image-box\" data-id=\"d526080\" data-element_type=\"widget\" data-e-type=\"widget\" data-widget_type=\"image-box.default\">\n\t\t\t\t<div class=\"elementor-widget-container\">\n\t\t\t\t\t<div class=\"elementor-image-box-wrapper\"><figure class=\"elementor-image-box-img\"><img decoding=\"async\" width=\"375\" height=\"666\" src=\"https:\/\/ritualsweet.com\/wp-content\/uploads\/2022\/06\/c36ea912-d767-4b1d-a43e-3a156bb5b6db-removebg-preview.png\" class=\"attachment-full size-full wp-image-881\" alt=\"\" srcset=\"https:\/\/ritualsweet.com\/wp-content\/uploads\/2022\/06\/c36ea912-d767-4b1d-a43e-3a156bb5b6db-removebg-preview.png 375w, https:\/\/ritualsweet.com\/wp-content\/uploads\/2022\/06\/c36ea912-d767-4b1d-a43e-3a156bb5b6db-removebg-preview-169x300.png 169w\" sizes=\"(max-width: 375px) 100vw, 375px\" \/><\/figure><div class=\"elementor-image-box-content\"><h3 class=\"elementor-image-box-title\">MIRADAS DE ENSUE\u00d1O<\/h3><p class=\"elementor-image-box-description\">Con esta innovadora t\u00e9cnica es tan solo una sesion tu mirada lucir\u00e1 como nunca antes.<\/p><\/div><\/div>\t\t\t\t<\/div>\n\t\t\t\t<\/div>\n\t\t\t\t<div class=\"elementor-element elementor-element-23c10c2 elementor-align-center elementor-widget elementor-widget-button\" data-id=\"23c10c2\" data-element_type=\"widget\" data-e-type=\"widget\" data-widget_type=\"button.default\">\n\t\t\t\t<div class=\"elementor-widget-container\">\n\t\t\t\t\t\t\t\t\t<div class=\"elementor-button-wrapper\">\n\t\t\t\t\t<a class=\"elementor-button elementor-button-link elementor-size-sm\" href=\"https:\/\/ritualsweet.com\/index.php\/miradas-de-ensueno\/\">\n\t\t\t\t\t\t<span class=\"elementor-button-content-wrapper\">\n\t\t\t\t\t\t\t\t\t<span class=\"elementor-button-text\">Ver todos<\/span>\n\t\t\t\t\t<\/span>\n\t\t\t\t\t<\/a>\n\t\t\t\t<\/div>\n\t\t\t\t\t\t\t\t<\/div>\n\t\t\t\t<\/div>\n\t\t\t\t\t<\/div>\n\t\t<\/div>\n\t\t\t\t<div class=\"elementor-column elementor-col-33 elementor-top-column elementor-element elementor-element-05b814c\" data-id=\"05b814c\" data-element_type=\"column\" data-e-type=\"column\">\n\t\t\t<div class=\"elementor-widget-wrap elementor-element-populated\">\n\t\t\t\t\t\t<div class=\"elementor-element elementor-element-4250a14 elementor-position-top elementor-widget elementor-widget-image-box\" data-id=\"4250a14\" data-element_type=\"widget\" data-e-type=\"widget\" data-widget_type=\"image-box.default\">\n\t\t\t\t<div class=\"elementor-widget-container\">\n\t\t\t\t\t<div class=\"elementor-image-box-wrapper\"><figure class=\"elementor-image-box-img\"><img decoding=\"async\" width=\"375\" height=\"666\" src=\"https:\/\/ritualsweet.com\/wp-content\/uploads\/2022\/06\/b6c6c7c3-8f25-4aaf-8431-1a46da508157-removebg-preview.png\" class=\"attachment-full size-full wp-image-882\" alt=\"\" srcset=\"https:\/\/ritualsweet.com\/wp-content\/uploads\/2022\/06\/b6c6c7c3-8f25-4aaf-8431-1a46da508157-removebg-preview.png 375w, https:\/\/ritualsweet.com\/wp-content\/uploads\/2022\/06\/b6c6c7c3-8f25-4aaf-8431-1a46da508157-removebg-preview-169x300.png 169w\" sizes=\"(max-width: 375px) 100vw, 375px\" \/><\/figure><div class=\"elementor-image-box-content\"><h3 class=\"elementor-image-box-title\">MAQUILLAJE<\/h3><p class=\"elementor-image-box-description\">Embellece tu rostro sacando lo mejor de ti, una bonita mirada y sonrisa preciosa.<\/p><\/div><\/div>\t\t\t\t<\/div>\n\t\t\t\t<\/div>\n\t\t\t\t<div class=\"elementor-element elementor-element-679815e elementor-align-center elementor-widget elementor-widget-button\" data-id=\"679815e\" data-element_type=\"widget\" data-e-type=\"widget\" data-widget_type=\"button.default\">\n\t\t\t\t<div class=\"elementor-widget-container\">\n\t\t\t\t\t\t\t\t\t<div class=\"elementor-button-wrapper\">\n\t\t\t\t\t<a class=\"elementor-button elementor-button-link elementor-size-sm\" href=\"https:\/\/ritualsweet.com\/index.php\/maquillaje\/\">\n\t\t\t\t\t\t<span class=\"elementor-button-content-wrapper\">\n\t\t\t\t\t\t\t\t\t<span class=\"elementor-button-text\">Ver todos<\/span>\n\t\t\t\t\t<\/span>\n\t\t\t\t\t<\/a>\n\t\t\t\t<\/div>\n\t\t\t\t\t\t\t\t<\/div>\n\t\t\t\t<\/div>\n\t\t\t\t\t<\/div>\n\t\t<\/div>\n\t\t\t\t\t<\/div>\n\t\t<\/section>\n\t\t\t\t<section class=\"elementor-section elementor-top-section elementor-element elementor-element-400e46a elementor-section-boxed elementor-section-height-default elementor-section-height-default\" data-id=\"400e46a\" data-element_type=\"section\" data-e-type=\"section\">\n\t\t\t\t\t\t<div class=\"elementor-container elementor-column-gap-default\">\n\t\t\t\t\t<div class=\"elementor-column elementor-col-100 elementor-top-column elementor-element elementor-element-5336ae0\" data-id=\"5336ae0\" data-element_type=\"column\" data-e-type=\"column\">\n\t\t\t<div class=\"elementor-widget-wrap\">\n\t\t\t\t\t\t\t<\/div>\n\t\t<\/div>\n\t\t\t\t\t<\/div>\n\t\t<\/section>\n\t\t\t\t<section class=\"elementor-section elementor-top-section elementor-element elementor-element-8e04e4e elementor-section-boxed elementor-section-height-default elementor-section-height-default\" data-id=\"8e04e4e\" data-element_type=\"section\" data-e-type=\"section\">\n\t\t\t\t\t\t<div class=\"elementor-container elementor-column-gap-default\">\n\t\t\t\t\t<div class=\"elementor-column elementor-col-100 elementor-top-column elementor-element elementor-element-caf2163\" data-id=\"caf2163\" data-element_type=\"column\" data-e-type=\"column\">\n\t\t\t<div class=\"elementor-widget-wrap elementor-element-populated\">\n\t\t\t\t\t\t<div class=\"elementor-element elementor-element-5283308 elementor-widget elementor-widget-spacer\" data-id=\"5283308\" data-element_type=\"widget\" data-e-type=\"widget\" data-widget_type=\"spacer.default\">\n\t\t\t\t<div class=\"elementor-widget-container\">\n\t\t\t\t\t\t\t<div class=\"elementor-spacer\">\n\t\t\t<div class=\"elementor-spacer-inner\"><\/div>\n\t\t<\/div>\n\t\t\t\t\t\t<\/div>\n\t\t\t\t<\/div>\n\t\t\t\t\t<\/div>\n\t\t<\/div>\n\t\t\t\t\t<\/div>\n\t\t<\/section>\n\t\t\t\t<\/div>\n\t\t","protected":false},"excerpt":{"rendered":"<p>BELLEZA DE MANOS Y PIES Ritual de higiene, limado, esmaltado, exfoliaci\u00f3n y envoltura reparadora. Ver todos MIRADAS DE ENSUE\u00d1O Con esta innovadora t\u00e9cnica es tan solo una sesion tu mirada lucir\u00e1 como nunca antes. Ver todos MAQUILLAJE Embellece tu rostro sacando lo mejor de ti, una bonita mirada y sonrisa preciosa. Ver todos<\/p>\n","protected":false},"author":1,"featured_media":0,"parent":0,"menu_order":0,"comment_status":"closed","ping_status":"closed","template":"","meta":{"site-sidebar-layout":"no-sidebar","site-content-layout":"page-builder","ast-site-content-layout":"default","site-content-style":"default","site-sidebar-style":"default","ast-global-header-display":"","ast-banner-title-visibility":"","ast-main-header-display":"","ast-hfb-above-header-display":"","ast-hfb-below-header-display":"","ast-hfb-mobile-header-display":"","site-post-title":"disabled","ast-breadcrumbs-content":"","ast-featured-img":"disabled","footer-sml-layout":"","ast-disable-related-posts":"","theme-transparent-header-meta":"","adv-header-id-meta":"","stick-header-meta":"","header-above-stick-meta":"","header-main-stick-meta":"","header-below-stick-meta":"","astra-migrate-meta-layouts":"default","ast-page-background-enabled":"default","ast-page-background-meta":{"desktop":{"background-color":"","background-image":"","background-repeat":"repeat","background-position":"center center","background-size":"auto","background-attachment":"scroll","background-type":"","background-media":"","overlay-type":"","overlay-color":"","overlay-opacity":"","overlay-gradient":""},"tablet":{"background-color":"","background-image":"","background-repeat":"repeat","background-position":"center center","background-size":"auto","background-attachment":"scroll","background-type":"","background-media":"","overlay-type":"","overlay-color":"","overlay-opacity":"","overlay-gradient":""},"mobile":{"background-color":"","background-image":"","background-repeat":"repeat","background-position":"center center","background-size":"auto","background-attachment":"scroll","background-type":"","background-media":"","overlay-type":"","overlay-color":"","overlay-opacity":"","overlay-gradient":""}},"ast-content-background-meta":{"desktop":{"background-color":"var(--ast-global-color-5)","background-image":"","background-repeat":"repeat","background-position":"center center","background-size":"auto","background-attachment":"scroll","background-type":"","background-media":"","overlay-type":"","overlay-color":"","overlay-opacity":"","overlay-gradient":""},"tablet":{"background-color":"var(--ast-global-color-5)","background-image":"","background-repeat":"repeat","background-position":"center center","background-size":"auto","background-attachment":"scroll","background-type":"","background-media":"","overlay-type":"","overlay-color":"","overlay-opacity":"","overlay-gradient":""},"mobile":{"background-color":"var(--ast-global-color-5)","background-image":"","background-repeat":"repeat","background-position":"center center","background-size":"auto","background-attachment":"scroll","background-type":"","background-media":"","overlay-type":"","overlay-color":"","overlay-opacity":"","overlay-gradient":""}},"footnotes":""},"class_list":["post-2778","page","type-page","status-publish","hentry"],"yoast_head":"<!-- This site is optimized with the Yoast SEO plugin v27.4 - https:\/\/yoast.com\/product\/yoast-seo-wordpress\/ -->\n<title>BELLEZA - Ritual Sweet<\/title>\n<meta name=\"robots\" content=\"index, follow, max-snippet:-1, max-image-preview:large, max-video-preview:-1\" \/>\n<link rel=\"canonical\" href=\"https:\/\/ritualsweet.com\/index.php\/belleza\/\" \/>\n<meta property=\"og:locale\" content=\"es_ES\" \/>\n<meta property=\"og:type\" content=\"article\" \/>\n<meta property=\"og:title\" content=\"BELLEZA - Ritual Sweet\" \/>\n<meta property=\"og:description\" content=\"BELLEZA DE MANOS Y PIES Ritual de higiene, limado, esmaltado, exfoliaci\u00f3n y envoltura reparadora. Ver todos MIRADAS DE ENSUE\u00d1O Con esta innovadora t\u00e9cnica es tan solo una sesion tu mirada lucir\u00e1 como nunca antes. Ver todos MAQUILLAJE Embellece tu rostro sacando lo mejor de ti, una bonita mirada y sonrisa preciosa. Ver todos\" \/>\n<meta property=\"og:url\" content=\"https:\/\/ritualsweet.com\/index.php\/belleza\/\" \/>\n<meta property=\"og:site_name\" content=\"Ritual Sweet\" \/>\n<meta property=\"article:modified_time\" content=\"2023-01-19T21:39:27+00:00\" \/>\n<meta property=\"og:image\" content=\"https:\/\/ritualsweet.com\/wp-content\/uploads\/2022\/06\/c043db9b-dfaf-4ef7-9eb8-99780947e8e7-removebg-preview.png\" \/>\n<meta name=\"twitter:card\" content=\"summary_large_image\" \/>\n<meta name=\"twitter:label1\" content=\"Tiempo de lectura\" \/>\n\t<meta name=\"twitter:data1\" content=\"1 minuto\" \/>\n<script type=\"application\/ld+json\" class=\"yoast-schema-graph\">{\"@context\":\"https:\\\/\\\/schema.org\",\"@graph\":[{\"@type\":\"WebPage\",\"@id\":\"https:\\\/\\\/ritualsweet.com\\\/index.php\\\/belleza\\\/\",\"url\":\"https:\\\/\\\/ritualsweet.com\\\/index.php\\\/belleza\\\/\",\"name\":\"BELLEZA - Ritual Sweet\",\"isPartOf\":{\"@id\":\"https:\\\/\\\/ritualsweet.com\\\/#website\"},\"primaryImageOfPage\":{\"@id\":\"https:\\\/\\\/ritualsweet.com\\\/index.php\\\/belleza\\\/#primaryimage\"},\"image\":{\"@id\":\"https:\\\/\\\/ritualsweet.com\\\/index.php\\\/belleza\\\/#primaryimage\"},\"thumbnailUrl\":\"https:\\\/\\\/ritualsweet.com\\\/wp-content\\\/uploads\\\/2022\\\/06\\\/c043db9b-dfaf-4ef7-9eb8-99780947e8e7-removebg-preview.png\",\"datePublished\":\"2023-01-19T20:40:17+00:00\",\"dateModified\":\"2023-01-19T21:39:27+00:00\",\"breadcrumb\":{\"@id\":\"https:\\\/\\\/ritualsweet.com\\\/index.php\\\/belleza\\\/#breadcrumb\"},\"inLanguage\":\"es\",\"potentialAction\":[{\"@type\":\"ReadAction\",\"target\":[\"https:\\\/\\\/ritualsweet.com\\\/index.php\\\/belleza\\\/\"]}]},{\"@type\":\"ImageObject\",\"inLanguage\":\"es\",\"@id\":\"https:\\\/\\\/ritualsweet.com\\\/index.php\\\/belleza\\\/#primaryimage\",\"url\":\"https:\\\/\\\/ritualsweet.com\\\/wp-content\\\/uploads\\\/2022\\\/06\\\/c043db9b-dfaf-4ef7-9eb8-99780947e8e7-removebg-preview.png\",\"contentUrl\":\"https:\\\/\\\/ritualsweet.com\\\/wp-content\\\/uploads\\\/2022\\\/06\\\/c043db9b-dfaf-4ef7-9eb8-99780947e8e7-removebg-preview.png\",\"width\":375,\"height\":666},{\"@type\":\"BreadcrumbList\",\"@id\":\"https:\\\/\\\/ritualsweet.com\\\/index.php\\\/belleza\\\/#breadcrumb\",\"itemListElement\":[{\"@type\":\"ListItem\",\"position\":1,\"name\":\"Portada\",\"item\":\"https:\\\/\\\/ritualsweet.com\\\/\"},{\"@type\":\"ListItem\",\"position\":2,\"name\":\"BELLEZA\"}]},{\"@type\":\"WebSite\",\"@id\":\"https:\\\/\\\/ritualsweet.com\\\/#website\",\"url\":\"https:\\\/\\\/ritualsweet.com\\\/\",\"name\":\"Ritual Sweet\",\"description\":\"Natural  Beauty\",\"publisher\":{\"@id\":\"https:\\\/\\\/ritualsweet.com\\\/#organization\"},\"potentialAction\":[{\"@type\":\"SearchAction\",\"target\":{\"@type\":\"EntryPoint\",\"urlTemplate\":\"https:\\\/\\\/ritualsweet.com\\\/?s={search_term_string}\"},\"query-input\":{\"@type\":\"PropertyValueSpecification\",\"valueRequired\":true,\"valueName\":\"search_term_string\"}}],\"inLanguage\":\"es\"},{\"@type\":\"Organization\",\"@id\":\"https:\\\/\\\/ritualsweet.com\\\/#organization\",\"name\":\"Ritual Sweet\",\"url\":\"https:\\\/\\\/ritualsweet.com\\\/\",\"logo\":{\"@type\":\"ImageObject\",\"inLanguage\":\"es\",\"@id\":\"https:\\\/\\\/ritualsweet.com\\\/#\\\/schema\\\/logo\\\/image\\\/\",\"url\":\"https:\\\/\\\/ritualsweet.com\\\/wp-content\\\/uploads\\\/2022\\\/06\\\/IMG_B332EAD2D378-1.jpeg\",\"contentUrl\":\"https:\\\/\\\/ritualsweet.com\\\/wp-content\\\/uploads\\\/2022\\\/06\\\/IMG_B332EAD2D378-1.jpeg\",\"width\":1242,\"height\":1217,\"caption\":\"Ritual Sweet\"},\"image\":{\"@id\":\"https:\\\/\\\/ritualsweet.com\\\/#\\\/schema\\\/logo\\\/image\\\/\"}}]}<\/script>\n<!-- \/ Yoast SEO plugin. -->","yoast_head_json":{"title":"BELLEZA - Ritual Sweet","robots":{"index":"index","follow":"follow","max-snippet":"max-snippet:-1","max-image-preview":"max-image-preview:large","max-video-preview":"max-video-preview:-1"},"canonical":"https:\/\/ritualsweet.com\/index.php\/belleza\/","og_locale":"es_ES","og_type":"article","og_title":"BELLEZA - Ritual Sweet","og_description":"BELLEZA DE MANOS Y PIES Ritual de higiene, limado, esmaltado, exfoliaci\u00f3n y envoltura reparadora. Ver todos MIRADAS DE ENSUE\u00d1O Con esta innovadora t\u00e9cnica es tan solo una sesion tu mirada lucir\u00e1 como nunca antes. Ver todos MAQUILLAJE Embellece tu rostro sacando lo mejor de ti, una bonita mirada y sonrisa preciosa. Ver todos","og_url":"https:\/\/ritualsweet.com\/index.php\/belleza\/","og_site_name":"Ritual Sweet","article_modified_time":"2023-01-19T21:39:27+00:00","og_image":[{"url":"https:\/\/ritualsweet.com\/wp-content\/uploads\/2022\/06\/c043db9b-dfaf-4ef7-9eb8-99780947e8e7-removebg-preview.png","type":"","width":"","height":""}],"twitter_card":"summary_large_image","twitter_misc":{"Tiempo de lectura":"1 minuto"},"schema":{"@context":"https:\/\/schema.org","@graph":[{"@type":"WebPage","@id":"https:\/\/ritualsweet.com\/index.php\/belleza\/","url":"https:\/\/ritualsweet.com\/index.php\/belleza\/","name":"BELLEZA - Ritual Sweet","isPartOf":{"@id":"https:\/\/ritualsweet.com\/#website"},"primaryImageOfPage":{"@id":"https:\/\/ritualsweet.com\/index.php\/belleza\/#primaryimage"},"image":{"@id":"https:\/\/ritualsweet.com\/index.php\/belleza\/#primaryimage"},"thumbnailUrl":"https:\/\/ritualsweet.com\/wp-content\/uploads\/2022\/06\/c043db9b-dfaf-4ef7-9eb8-99780947e8e7-removebg-preview.png","datePublished":"2023-01-19T20:40:17+00:00","dateModified":"2023-01-19T21:39:27+00:00","breadcrumb":{"@id":"https:\/\/ritualsweet.com\/index.php\/belleza\/#breadcrumb"},"inLanguage":"es","potentialAction":[{"@type":"ReadAction","target":["https:\/\/ritualsweet.com\/index.php\/belleza\/"]}]},{"@type":"ImageObject","inLanguage":"es","@id":"https:\/\/ritualsweet.com\/index.php\/belleza\/#primaryimage","url":"https:\/\/ritualsweet.com\/wp-content\/uploads\/2022\/06\/c043db9b-dfaf-4ef7-9eb8-99780947e8e7-removebg-preview.png","contentUrl":"https:\/\/ritualsweet.com\/wp-content\/uploads\/2022\/06\/c043db9b-dfaf-4ef7-9eb8-99780947e8e7-removebg-preview.png","width":375,"height":666},{"@type":"BreadcrumbList","@id":"https:\/\/ritualsweet.com\/index.php\/belleza\/#breadcrumb","itemListElement":[{"@type":"ListItem","position":1,"name":"Portada","item":"https:\/\/ritualsweet.com\/"},{"@type":"ListItem","position":2,"name":"BELLEZA"}]},{"@type":"WebSite","@id":"https:\/\/ritualsweet.com\/#website","url":"https:\/\/ritualsweet.com\/","name":"Ritual Sweet","description":"Natural  Beauty","publisher":{"@id":"https:\/\/ritualsweet.com\/#organization"},"potentialAction":[{"@type":"SearchAction","target":{"@type":"EntryPoint","urlTemplate":"https:\/\/ritualsweet.com\/?s={search_term_string}"},"query-input":{"@type":"PropertyValueSpecification","valueRequired":true,"valueName":"search_term_string"}}],"inLanguage":"es"},{"@type":"Organization","@id":"https:\/\/ritualsweet.com\/#organization","name":"Ritual Sweet","url":"https:\/\/ritualsweet.com\/","logo":{"@type":"ImageObject","inLanguage":"es","@id":"https:\/\/ritualsweet.com\/#\/schema\/logo\/image\/","url":"https:\/\/ritualsweet.com\/wp-content\/uploads\/2022\/06\/IMG_B332EAD2D378-1.jpeg","contentUrl":"https:\/\/ritualsweet.com\/wp-content\/uploads\/2022\/06\/IMG_B332EAD2D378-1.jpeg","width":1242,"height":1217,"caption":"Ritual Sweet"},"image":{"@id":"https:\/\/ritualsweet.com\/#\/schema\/logo\/image\/"}}]}},"_links":{"self":[{"href":"https:\/\/ritualsweet.com\/index.php\/wp-json\/wp\/v2\/pages\/2778","targetHints":{"allow":["GET"]}}],"collection":[{"href":"https:\/\/ritualsweet.com\/index.php\/wp-json\/wp\/v2\/pages"}],"about":[{"href":"https:\/\/ritualsweet.com\/index.php\/wp-json\/wp\/v2\/types\/page"}],"author":[{"embeddable":true,"href":"https:\/\/ritualsweet.com\/index.php\/wp-json\/wp\/v2\/users\/1"}],"replies":[{"embeddable":true,"href":"https:\/\/ritualsweet.com\/index.php\/wp-json\/wp\/v2\/comments?post=2778"}],"version-history":[{"count":16,"href":"https:\/\/ritualsweet.com\/index.php\/wp-json\/wp\/v2\/pages\/2778\/revisions"}],"predecessor-version":[{"id":2816,"href":"https:\/\/ritualsweet.com\/index.php\/wp-json\/wp\/v2\/pages\/2778\/revisions\/2816"}],"wp:attachment":[{"href":"https:\/\/ritualsweet.com\/index.php\/wp-json\/wp\/v2\/media?parent=2778"}],"curies":[{"name":"wp","href":"https:\/\/api.w.org\/{rel}","templated":true}]}}